{"id":989,"date":"2019-10-17T12:45:20","date_gmt":"2019-10-17T10:45:20","guid":{"rendered":"http:\/\/oxyjeune.be\/?page_id=989"},"modified":"2019-11-19T10:11:54","modified_gmt":"2019-11-19T09:11:54","slug":"la-prevention-sociale","status":"publish","type":"page","link":"https:\/\/oxyjeune.be\/index.php\/la-prevention-sociale\/","title":{"rendered":"Actions de pr\u00e9vention sociale"},"content":{"rendered":"<p><div class=\"fusion-fullwidth fullwidth-box fusion-builder-row-1 hundred-percent-fullwidth non-hundred-percent-height-scrolling fusion-equal-height-columns\" style=\"--awb-background-position:left top;--awb-border-radius-top-left:0px;--awb-border-radius-top-right:0px;--awb-border-radius-bottom-right:0px;--awb-border-radius-bottom-left:0px;--awb-padding-top:0px;--awb-padding-right:0px;--awb-padding-bottom:0px;--awb-padding-left:0px;--awb-border-sizes-top:0px;--awb-border-sizes-bottom:0px;--awb-flex-wrap:wrap;\" ><div class=\"fusion-builder-row fusion-row\"><div class=\"fusion-layout-column fusion_builder_column fusion-builder-column-0 fusion_builder_column_2_3 2_3 fusion-two-third fusion-column-first\" style=\"--awb-padding-top:100px;--awb-padding-right:10%;--awb-padding-bottom:100px;--awb-padding-left:10%;--awb-bg-size:cover;--awb-margin-bottom:0px;\"><div class=\"fusion-column-wrapper fusion-flex-column-wrapper-legacy\"><div class=\"fusion-column-content-centered\"><div class=\"fusion-column-content\"><div class=\"fusion-text fusion-text-1\"><h2>les actions de pr\u00e9vention sociale<\/h2>\n<\/div><div class=\"fusion-sep-clear\"><\/div><div class=\"fusion-separator fusion-clearfix\" style=\"float:left;margin-top:0px;margin-bottom:40px;width:100%;max-width:200px;\"><div class=\"fusion-separator-border sep-single sep-solid\" style=\"--awb-height:20px;--awb-amount:20px;--awb-sep-color:#fec96b;border-color:#fec96b;border-top-width:3px;\"><\/div><\/div><div class=\"fusion-sep-clear\"><\/div><div class=\"fusion-text fusion-text-2\"><p>En amont de toutes les situations difficiles, la pr\u00e9vention sociale vise des actions qui ont pour vocation d\u2019\u00eatre le porte-voix des jeunes pour interpeller les autorit\u00e9s administratives ou politiques, d\u2019activer le r\u00e9seau associatif local pour pr\u00e9venir toutes les probl\u00e9matiques qui concernent les jeunes et d\u2019agir sur un changement b\u00e9n\u00e9fique de l\u2019environnement du jeune.<\/p>\n<p>Le travail en r\u00e9seau de partenaires fait partie int\u00e9grante de nos pratiques. Nous initions et entretenons des relations avec les diff\u00e9rents services, personnes ou instances n\u00e9cessaires pour mener \u00e0 bien nos projets et nos missions \u00e0 l\u2019\u00e9gard des jeunes. Il nous semble fondamental d\u2019unir nos diff\u00e9rentes comp\u00e9tences pour assurer ensemble un travail pr\u00e9ventif aux b\u00e9n\u00e9fices des jeunes et des familles.<\/p>\n<\/div><div class=\"fusion-sep-clear\"><\/div><div class=\"fusion-separator fusion-full-width-sep\" style=\"margin-left: auto;margin-right: auto;margin-top:15px;width:100%;\"><\/div><div class=\"fusion-sep-clear\"><\/div><\/div><\/div><div class=\"fusion-clearfix\"><\/div><\/div><\/div><div class=\"fusion-layout-column fusion_builder_column fusion-builder-column-1 fusion_builder_column_1_3 1_3 fusion-one-third fusion-column-last\" style=\"--awb-padding-top:100px;--awb-padding-right:0px;--awb-padding-bottom:100px;--awb-padding-left:0px;--awb-bg-image:url(&#039;https:\/\/oxyjeune.be\/wp-content\/uploads\/2019\/10\/3axes-683x1024.jpg&#039;);--awb-bg-position:center center;--awb-bg-size:cover;--awb-margin-bottom:0px;\"><div class=\"fusion-column-wrapper fusion-column-has-shadow fusion-flex-column-wrapper-legacy fusion-empty-column-bg-image fusion-column-has-bg-image\" data-bg-url=\"https:\/\/oxyjeune.be\/wp-content\/uploads\/2019\/10\/3axes-683x1024.jpg\"><div class=\"fusion-column-content-centered\"><div class=\"fusion-column-content\"><img decoding=\"async\" class=\"fusion-empty-dims-img-placeholder fusion-no-large-visibility\" src=\"data:image\/svg+xml,%3Csvg%20xmlns%3D%27http%3A%2F%2Fwww.w3.org%2F2000%2Fsvg%27%20width%3D%27683%27%20height%3D%271024%27%20viewBox%3D%270%200%20683%201024%27%3E%3Crect%20width%3D%27683%27%20height%3D%271024%27%20fill-opacity%3D%220%22%2F%3E%3C%2Fsvg%3E\"><\/div><\/div><div class=\"fusion-clearfix\"><\/div><\/div><\/div><\/div><\/div><div class=\"fusion-fullwidth fullwidth-box fusion-builder-row-2 hundred-percent-fullwidth non-hundred-percent-height-scrolling fusion-equal-height-columns\" style=\"--awb-background-position:left top;--awb-border-radius-top-left:0px;--awb-border-radius-top-right:0px;--awb-border-radius-bottom-right:0px;--awb-border-radius-bottom-left:0px;--awb-padding-top:0px;--awb-padding-right:0px;--awb-padding-bottom:0px;--awb-padding-left:0px;--awb-border-sizes-top:0px;--awb-border-sizes-bottom:0px;--awb-flex-wrap:wrap;\" ><div class=\"fusion-builder-row fusion-row\"><div class=\"fusion-layout-column fusion_builder_column fusion-builder-column-2 fusion_builder_column_1_4 1_4 fusion-one-fourth fusion-column-first\" style=\"--awb-padding-top:10%;--awb-padding-right:10%;--awb-padding-bottom:13%;--awb-padding-left:10%;--awb-bg-color:#ed6967;--awb-bg-color-hover:#ed6967;--awb-bg-size:cover;--awb-margin-bottom:0px;\"><div class=\"fusion-column-wrapper fusion-flex-column-wrapper-legacy\"><div class=\"fusion-fa-align-center\"><i class=\"fb-icon-element-1 fb-icon-element fontawesome-icon fa-route fas circle-yes\" style=\"--awb-circlebordersize:1px;--awb-font-size:88px;--awb-width:176px;--awb-height:176px;--awb-line-height:174px;\"><\/i><\/div><div class=\"fusion-sep-clear\"><\/div><div class=\"fusion-separator fusion-full-width-sep\" style=\"margin-left: auto;margin-right: auto;margin-top:-10px;width:100%;\"><\/div><div class=\"fusion-sep-clear\"><\/div><div class=\"fusion-text fusion-text-3\"><h4 style=\"text-align: center; color: #fff;\">ORIENTATION<\/h4>\n<\/div><div class=\"fusion-clearfix\"><\/div><\/div><\/div><div class=\"fusion-layout-column fusion_builder_column fusion-builder-column-3 fusion_builder_column_1_4 1_4 fusion-one-fourth\" style=\"--awb-padding-top:10%;--awb-padding-right:10%;--awb-padding-bottom:13%;--awb-padding-left:10%;--awb-bg-color:#fec96b;--awb-bg-color-hover:#fec96b;--awb-bg-size:cover;--awb-margin-bottom:0px;\"><div class=\"fusion-column-wrapper fusion-flex-column-wrapper-legacy\"><div class=\"fusion-fa-align-center\"><i class=\"fb-icon-element-2 fb-icon-element fontawesome-icon fa-hands-helping fas circle-yes\" style=\"--awb-circlebordersize:1px;--awb-font-size:88px;--awb-width:176px;--awb-height:176px;--awb-line-height:174px;\"><\/i><\/div><div class=\"fusion-sep-clear\"><\/div><div class=\"fusion-separator fusion-full-width-sep\" style=\"margin-left: auto;margin-right: auto;margin-top:-10px;width:100%;\"><\/div><div class=\"fusion-sep-clear\"><\/div><div class=\"fusion-text fusion-text-4\"><h4 style=\"text-align: center; color: #fff;\">ACCOMPAGNEMENT<\/h4>\n<\/div><div class=\"fusion-clearfix\"><\/div><\/div><\/div><div class=\"fusion-layout-column fusion_builder_column fusion-builder-column-4 fusion_builder_column_1_4 1_4 fusion-one-fourth\" style=\"--awb-padding-top:10%;--awb-padding-right:10%;--awb-padding-bottom:13%;--awb-padding-left:10%;--awb-bg-color:#408292;--awb-bg-color-hover:#408292;--awb-bg-size:cover;--awb-margin-bottom:0px;\"><div class=\"fusion-column-wrapper fusion-flex-column-wrapper-legacy\"><div class=\"fusion-fa-align-center\"><i class=\"fb-icon-element-3 fb-icon-element fontawesome-icon fa-graduation-cap fas circle-yes\" style=\"--awb-circlebordersize:1px;--awb-font-size:88px;--awb-width:176px;--awb-height:176px;--awb-line-height:174px;\"><\/i><\/div><div class=\"fusion-sep-clear\"><\/div><div class=\"fusion-separator fusion-full-width-sep\" style=\"margin-left: auto;margin-right: auto;margin-top:-10px;width:100%;\"><\/div><div class=\"fusion-sep-clear\"><\/div><div class=\"fusion-text fusion-text-5\"><h4 style=\"text-align: center; color: #fff;\">EDUCATION<\/h4>\n<\/div><div class=\"fusion-clearfix\"><\/div><\/div><\/div><div class=\"fusion-layout-column fusion_builder_column fusion-builder-column-5 fusion_builder_column_1_4 1_4 fusion-one-fourth fusion-column-last\" style=\"--awb-padding-top:10%;--awb-padding-right:10%;--awb-padding-bottom:13%;--awb-padding-left:10%;--awb-bg-color:#5c6668;--awb-bg-color-hover:#5c6668;--awb-bg-size:cover;--awb-margin-bottom:0px;\"><div class=\"fusion-column-wrapper fusion-flex-column-wrapper-legacy\"><div class=\"fusion-fa-align-center\"><i class=\"fb-icon-element-4 fb-icon-element fontawesome-icon fa-assistive-listening-systems fas circle-yes\" style=\"--awb-circlebordersize:1px;--awb-font-size:88px;--awb-width:176px;--awb-height:176px;--awb-line-height:174px;\"><\/i><\/div><div class=\"fusion-sep-clear\"><\/div><div class=\"fusion-separator fusion-full-width-sep\" style=\"margin-left: auto;margin-right: auto;margin-top:-10px;width:100%;\"><\/div><div class=\"fusion-sep-clear\"><\/div><div class=\"fusion-text fusion-text-6\"><h4 style=\"text-align: center; color: #fff;\">ECOUTE<\/h4>\n<\/div><div class=\"fusion-clearfix\"><\/div><\/div><\/div><\/div><\/div><\/p>\n","protected":false},"excerpt":{"rendered":"","protected":false},"author":3,"featured_media":0,"parent":0,"menu_order":0,"comment_status":"closed","ping_status":"closed","template":"100-width.php","meta":{"footnotes":""},"_links":{"self":[{"href":"https:\/\/oxyjeune.be\/index.php\/wp-json\/wp\/v2\/pages\/989"}],"collection":[{"href":"https:\/\/oxyjeune.be\/index.php\/wp-json\/wp\/v2\/pages"}],"about":[{"href":"https:\/\/oxyjeune.be\/index.php\/wp-json\/wp\/v2\/types\/page"}],"author":[{"embeddable":true,"href":"https:\/\/oxyjeune.be\/index.php\/wp-json\/wp\/v2\/users\/3"}],"replies":[{"embeddable":true,"href":"https:\/\/oxyjeune.be\/index.php\/wp-json\/wp\/v2\/comments?post=989"}],"version-history":[{"count":8,"href":"https:\/\/oxyjeune.be\/index.php\/wp-json\/wp\/v2\/pages\/989\/revisions"}],"predecessor-version":[{"id":1217,"href":"https:\/\/oxyjeune.be\/index.php\/wp-json\/wp\/v2\/pages\/989\/revisions\/1217"}],"wp:attachment":[{"href":"https:\/\/oxyjeune.be\/index.php\/wp-json\/wp\/v2\/media?parent=989"}],"curies":[{"name":"wp","href":"https:\/\/api.w.org\/{rel}","templated":true}]}}